{"id":257,"date":"2025-04-20T05:58:18","date_gmt":"2025-04-20T05:58:18","guid":{"rendered":"https:\/\/ccutelevision.com\/ccu\/?page_id=257"},"modified":"2025-04-20T11:54:59","modified_gmt":"2025-04-20T16:54:59","slug":"club-de-talentos","status":"publish","type":"page","link":"https:\/\/ccutelevision.com\/ccu\/club-de-talentos\/","title":{"rendered":"Club de talentos"},"content":{"rendered":"<style>.kb-row-layout-wrap.wp-block-kadence-rowlayout.kb-row-layout-id257_883803-e5{margin-top:0px;margin-bottom:0px;}.kb-row-layout-id257_883803-e5 > .kt-row-column-wrap{align-content:start;}:where(.kb-row-layout-id257_883803-e5 > .kt-row-column-wrap) > .wp-block-kadence-column{justify-content:start;}.kb-row-layout-id257_883803-e5 > .kt-row-column-wrap{column-gap:var(--global-kb-gap-none, 0rem );row-gap:var(--global-kb-gap-md, 2rem);max-width:var( --global-content-width, 1170px );padding-left:var(--global-content-edge-padding);padding-right:var(--global-content-edge-padding);padding-top:350px;padding-bottom:30px;grid-template-columns:minmax(0, 2fr) minmax(0, 1fr);}.kb-row-layout-id257_883803-e5{background-image:url('https:\/\/ccutelevision.com\/ccu\/wp-content\/uploads\/2025\/04\/envato-labs-image-edit.jpg');background-size:cover;background-position:38% 33%;background-attachment:scroll;background-repeat:no-repeat;}.kb-row-layout-id257_883803-e5 > .kt-row-layout-overlay{opacity:0.85;background-color:var(--global-palette1, #3182CE);}@media all and (max-width: 1024px){.kb-row-layout-id257_883803-e5 > .kt-row-column-wrap{padding-top:var(--global-kb-spacing-4xl, 8rem);padding-bottom:var(--global-kb-spacing-md, 2rem);grid-template-columns:minmax(0, 2fr) minmax(0, 1fr);}}@media all and (max-width: 767px){.kb-row-layout-id257_883803-e5 > .kt-row-column-wrap{grid-template-columns:minmax(0, 1fr);}}<\/style><div class=\"kb-row-layout-wrap kb-row-layout-id257_883803-e5 alignfull kt-row-has-bg wp-block-kadence-rowlayout\"><div class=\"kt-row-layout-overlay kt-row-overlay-normal\"><\/div><div class=\"kt-row-column-wrap kt-has-2-columns kt-row-layout-left-golden kt-tab-layout-inherit kt-mobile-layout-row kt-row-valign-top kb-theme-content-width\">\n<style>.kadence-column257_8c94f4-0e > .kt-inside-inner-col,.kadence-column257_8c94f4-0e > .kt-inside-inner-col:before{border-top-left-radius:0px;border-top-right-radius:0px;border-bottom-right-radius:0px;border-bottom-left-radius:0px;}.kadence-column257_8c94f4-0e > .kt-inside-inner-col{column-gap:var(--global-kb-gap-sm, 1rem);}.kadence-column257_8c94f4-0e > .kt-inside-inner-col{flex-direction:column;}.kadence-column257_8c94f4-0e > .kt-inside-inner-col > .aligncenter{width:100%;}.kadence-column257_8c94f4-0e > .kt-inside-inner-col:before{opacity:0.3;}.kadence-column257_8c94f4-0e{position:relative;}@media all and (max-width: 1024px){.kadence-column257_8c94f4-0e > .kt-inside-inner-col{flex-direction:column;justify-content:center;}}@media all and (max-width: 767px){.kadence-column257_8c94f4-0e > .kt-inside-inner-col{flex-direction:column;justify-content:center;}}<\/style>\n<div class=\"wp-block-kadence-column kadence-column257_8c94f4-0e\"><div class=\"kt-inside-inner-col\"><style>.wp-block-kadence-advancedheading.kt-adv-heading257_1e443b-c4, .wp-block-kadence-advancedheading.kt-adv-heading257_1e443b-c4[data-kb-block=\"kb-adv-heading257_1e443b-c4\"]{font-style:normal;}.wp-block-kadence-advancedheading.kt-adv-heading257_1e443b-c4 mark.kt-highlight, .wp-block-kadence-advancedheading.kt-adv-heading257_1e443b-c4[data-kb-block=\"kb-adv-heading257_1e443b-c4\"] mark.kt-highlight{font-style:normal;color:#f76a0c;-webkit-box-decoration-break:clone;box-decoration-break:clone;padding-top:0px;padding-right:0px;padding-bottom:0px;padding-left:0px;}.wp-block-kadence-advancedheading.kt-adv-heading257_1e443b-c4 img.kb-inline-image, .wp-block-kadence-advancedheading.kt-adv-heading257_1e443b-c4[data-kb-block=\"kb-adv-heading257_1e443b-c4\"] img.kb-inline-image{width:150px;vertical-align:baseline;}<\/style>\n<h2 class=\"kt-adv-heading257_1e443b-c4 wp-block-kadence-advancedheading has-theme-palette-9-color has-text-color\" data-kb-block=\"kb-adv-heading257_1e443b-c4\">Club de talentos<\/h2>\n<\/div><\/div>\n\n\n<style>.kadence-column257_b51fb5-d7 > .kt-inside-inner-col,.kadence-column257_b51fb5-d7 > .kt-inside-inner-col:before{border-top-left-radius:0px;border-top-right-radius:0px;border-bottom-right-radius:0px;border-bottom-left-radius:0px;}.kadence-column257_b51fb5-d7 > .kt-inside-inner-col{column-gap:var(--global-kb-gap-sm, 1rem);}.kadence-column257_b51fb5-d7 > .kt-inside-inner-col{flex-direction:column;}.kadence-column257_b51fb5-d7 > .kt-inside-inner-col > .aligncenter{width:100%;}.kadence-column257_b51fb5-d7 > .kt-inside-inner-col:before{opacity:0.3;}.kadence-column257_b51fb5-d7{position:relative;}@media all and (max-width: 1024px){.kadence-column257_b51fb5-d7 > .kt-inside-inner-col{flex-direction:column;justify-content:center;}}@media all and (max-width: 767px){.kadence-column257_b51fb5-d7 > .kt-inside-inner-col{flex-direction:column;justify-content:center;}}<\/style>\n<div class=\"wp-block-kadence-column kadence-column257_b51fb5-d7\"><div class=\"kt-inside-inner-col\"><\/div><\/div>\n\n<\/div><\/div>\n\n\n<p style=\"padding-top:0;padding-bottom:0\"><\/p>\n\n\n<style>.kb-row-layout-id257_8ad722-58 > .kt-row-column-wrap{align-content:start;}:where(.kb-row-layout-id257_8ad722-58 > .kt-row-column-wrap) > .wp-block-kadence-column{justify-content:start;}.kb-row-layout-id257_8ad722-58 > .kt-row-column-wrap{column-gap:var(--global-kb-gap-md, 2rem);row-gap:var(--global-kb-gap-md, 2rem);max-width:var( --global-content-width, 1170px );padding-left:var(--global-content-edge-padding);padding-right:var(--global-content-edge-padding);padding-top:var(--global-kb-spacing-sm, 1.5rem);padding-bottom:var(--global-kb-spacing-sm, 1.5rem);grid-template-columns:minmax(0, 1fr);}.kb-row-layout-id257_8ad722-58 > .kt-row-layout-overlay{opacity:0.30;}@media all and (max-width: 1024px){.kb-row-layout-id257_8ad722-58 > .kt-row-column-wrap{grid-template-columns:minmax(0, 1fr);}}@media all and (max-width: 767px){.kb-row-layout-id257_8ad722-58 > .kt-row-column-wrap{grid-template-columns:minmax(0, 1fr);}}<\/style><div class=\"kb-row-layout-wrap kb-row-layout-id257_8ad722-58 alignnone wp-block-kadence-rowlayout\"><div class=\"kt-row-column-wrap kt-has-1-columns kt-row-layout-equal kt-tab-layout-inherit kt-mobile-layout-row kt-row-valign-top kb-theme-content-width\">\n<style>.kadence-column257_41d927-bf > .kt-inside-inner-col,.kadence-column257_41d927-bf > .kt-inside-inner-col:before{border-top-left-radius:0px;border-top-right-radius:0px;border-bottom-right-radius:0px;border-bottom-left-radius:0px;}.kadence-column257_41d927-bf > .kt-inside-inner-col{column-gap:var(--global-kb-gap-sm, 1rem);}.kadence-column257_41d927-bf > .kt-inside-inner-col{flex-direction:column;}.kadence-column257_41d927-bf > .kt-inside-inner-col > .aligncenter{width:100%;}.kadence-column257_41d927-bf > .kt-inside-inner-col:before{opacity:0.3;}.kadence-column257_41d927-bf{position:relative;}@media all and (max-width: 1024px){.kadence-column257_41d927-bf > .kt-inside-inner-col{flex-direction:column;justify-content:center;}}@media all and (max-width: 767px){.kadence-column257_41d927-bf > .kt-inside-inner-col{flex-direction:column;justify-content:center;}}<\/style>\n<div class=\"wp-block-kadence-column kadence-column257_41d927-bf\"><div class=\"kt-inside-inner-col\">\n<p>Tienes algo especial. Lo sabes. Lo sientes. Y el mundo est\u00e1 esperando verlo. En <strong>CCU Televisi\u00f3n<\/strong> creemos en el poder del talento joven, por eso creamos hace m\u00e1s de dos d\u00e9cadas el <strong>Club de Talentos<\/strong>, un espacio donde artistas en formaci\u00f3n reciben apoyo, asesor\u00eda y visibilidad para lanzarse con fuerza al mundo del espect\u00e1culo.<\/p>\n\n\n\n<p>Aqu\u00ed no solo encuentras formaci\u00f3n y asesor\u00eda profesional, tambi\u00e9n un espacio donde se valora tu autenticidad y tu sue\u00f1o. Organizamos eventos, presentaciones y buscamos oportunidades reales para que puedas dar tu primer gran paso. \u00bfEst\u00e1s listo para comenzar tu historia? Completa el formulario y da el primer paso hacia el escenario.<\/p>\n<\/div><\/div>\n\n<\/div><\/div>\n\n<style>.kb-row-layout-id257_699cc8-31 > .kt-row-column-wrap{align-content:start;}:where(.kb-row-layout-id257_699cc8-31 > .kt-row-column-wrap) > .wp-block-kadence-column{justify-content:start;}.kb-row-layout-id257_699cc8-31 > .kt-row-column-wrap{column-gap:var(--global-kb-gap-md, 2rem);row-gap:var(--global-kb-gap-md, 2rem);max-width:var( --global-content-width, 1170px );padding-left:var(--global-content-edge-padding);padding-right:var(--global-content-edge-padding);padding-top:var(--global-kb-spacing-sm, 1.5rem);padding-bottom:var(--global-kb-spacing-sm, 1.5rem);grid-template-columns:minmax(0, 1fr);}.kb-row-layout-id257_699cc8-31 > .kt-row-layout-overlay{opacity:0.30;}@media all and (max-width: 1024px){.kb-row-layout-id257_699cc8-31 > .kt-row-column-wrap{grid-template-columns:minmax(0, 1fr);}}@media all and (max-width: 767px){.kb-row-layout-id257_699cc8-31 > .kt-row-column-wrap{grid-template-columns:minmax(0, 1fr);}}<\/style><div class=\"kb-row-layout-wrap kb-row-layout-id257_699cc8-31 alignnone wp-block-kadence-rowlayout\"><div class=\"kt-row-column-wrap kt-has-1-columns kt-row-layout-equal kt-tab-layout-inherit kt-mobile-layout-row kt-row-valign-top kb-theme-content-width\">\n<style>.kadence-column257_9ffc71-80 > .kt-inside-inner-col,.kadence-column257_9ffc71-80 > .kt-inside-inner-col:before{border-top-left-radius:0px;border-top-right-radius:0px;border-bottom-right-radius:0px;border-bottom-left-radius:0px;}.kadence-column257_9ffc71-80 > .kt-inside-inner-col{column-gap:var(--global-kb-gap-sm, 1rem);}.kadence-column257_9ffc71-80 > .kt-inside-inner-col{flex-direction:column;}.kadence-column257_9ffc71-80 > .kt-inside-inner-col > .aligncenter{width:100%;}.kadence-column257_9ffc71-80 > .kt-inside-inner-col:before{opacity:0.3;}.kadence-column257_9ffc71-80{position:relative;}@media all and (max-width: 1024px){.kadence-column257_9ffc71-80 > .kt-inside-inner-col{flex-direction:column;justify-content:center;}}@media all and (max-width: 767px){.kadence-column257_9ffc71-80 > .kt-inside-inner-col{flex-direction:column;justify-content:center;}}<\/style>\n<div class=\"wp-block-kadence-column kadence-column257_9ffc71-80\"><div class=\"kt-inside-inner-col\"><div class=\"wpforms-container wpforms-container-full wpforms-block wpforms-block-53ae5bc1-fc23-4ba6-9839-53ef629b55aa wpforms-render-modern\" id=\"wpforms-286\"><form id=\"wpforms-form-286\" class=\"wpforms-validate wpforms-form wpforms-ajax-form\" data-formid=\"286\" method=\"post\" enctype=\"multipart\/form-data\" action=\"\/ccu\/wp-json\/wp\/v2\/pages\/257\" data-token=\"a6dc7b96098a533d77fa879205797d10\" data-token-time=\"1776964069\"><noscript class=\"wpforms-error-noscript\">Por favor, activa JavaScript en tu navegador para completar este formulario.<\/noscript><div id=\"wpforms-error-noscript\" style=\"display: none;\">Por favor, activa JavaScript en tu navegador para completar este formulario.<\/div><div class=\"wpforms-field-container\"><div id=\"wpforms-286-field_1-container\" class=\"wpforms-field wpforms-field-name\" data-field-id=\"1\"><label class=\"wpforms-field-label\" for=\"wpforms-286-field_1\">Nombre real completo <span class=\"wpforms-required-label\" aria-hidden=\"true\">*<\/span><\/label><input type=\"text\" id=\"wpforms-286-field_1\" class=\"wpforms-field-medium wpforms-field-required\" name=\"wpforms[fields][1]\" aria-errormessage=\"wpforms-286-field_1-error\" required><\/div><div id=\"wpforms-286-field_4-container\" class=\"wpforms-field wpforms-field-text\" data-field-id=\"4\"><label class=\"wpforms-field-label\" for=\"wpforms-286-field_4\">Nombre art\u00edstico<\/label><input type=\"text\" id=\"wpforms-286-field_4\" class=\"wpforms-field-medium\" name=\"wpforms[fields][4]\" aria-errormessage=\"wpforms-286-field_4-error\" ><\/div><div id=\"wpforms-286-field_5-container\" class=\"wpforms-field wpforms-field-number\" data-field-id=\"5\"><label class=\"wpforms-field-label\" for=\"wpforms-286-field_5\">Edad <span class=\"wpforms-required-label\" aria-hidden=\"true\">*<\/span><\/label><input type=\"number\" id=\"wpforms-286-field_5\" class=\"wpforms-field-small wpforms-field-required\" name=\"wpforms[fields][5]\" min=\"6\" step=\"any\" aria-errormessage=\"wpforms-286-field_5-error\" required><\/div>\t\t<div id=\"wpforms-286-field_7-container\"\n\t\t\tclass=\"wpforms-field wpforms-field-text\"\n\t\t\tdata-field-type=\"text\"\n\t\t\tdata-field-id=\"7\"\n\t\t\t>\n\t\t\t<label class=\"wpforms-field-label\" for=\"wpforms-286-field_7\" >mensaje Nombre completo<\/label>\n\t\t\t<input type=\"text\" id=\"wpforms-286-field_7\" class=\"wpforms-field-medium\" name=\"wpforms[fields][7]\" >\n\t\t<\/div>\n\t\t<div id=\"wpforms-286-field_6-container\" class=\"wpforms-field wpforms-field-text\" data-field-id=\"6\"><label class=\"wpforms-field-label\" for=\"wpforms-286-field_6\">Acudientes (Si eres menor de edad) <\/label><input type=\"text\" id=\"wpforms-286-field_6\" class=\"wpforms-field-medium\" name=\"wpforms[fields][6]\" aria-errormessage=\"wpforms-286-field_6-error\" ><\/div><div id=\"wpforms-286-field_2-container\" class=\"wpforms-field wpforms-field-email\" data-field-id=\"2\"><label class=\"wpforms-field-label\" for=\"wpforms-286-field_2\">Correo electr\u00f3nico <span class=\"wpforms-required-label\" aria-hidden=\"true\">*<\/span><\/label><input type=\"email\" id=\"wpforms-286-field_2\" class=\"wpforms-field-medium wpforms-field-required\" name=\"wpforms[fields][2]\" spellcheck=\"false\" aria-errormessage=\"wpforms-286-field_2-error\" required><\/div><div id=\"wpforms-286-field_3-container\" class=\"wpforms-field wpforms-field-textarea\" data-field-id=\"3\"><label class=\"wpforms-field-label\" for=\"wpforms-286-field_3\">Experiencia<\/label><textarea id=\"wpforms-286-field_3\" class=\"wpforms-field-medium\" name=\"wpforms[fields][3]\" aria-errormessage=\"wpforms-286-field_3-error\" ><\/textarea><\/div><div id=\"wpforms-286-field_8-container\" class=\"wpforms-field wpforms-field-textarea\" data-field-id=\"8\"><label class=\"wpforms-field-label\" for=\"wpforms-286-field_8\">Comentario o mensaje (copia)<\/label><textarea id=\"wpforms-286-field_8\" class=\"wpforms-field-medium\" name=\"wpforms[fields][8]\" aria-errormessage=\"wpforms-286-field_8-error\" ><\/textarea><\/div><div id=\"wpforms-286-field_9-container\" class=\"wpforms-field wpforms-field-checkbox\" data-field-id=\"9\"><fieldset><legend class=\"wpforms-field-label\">Autorizaci\u00f3n <span class=\"wpforms-required-label\" aria-hidden=\"true\">*<\/span><\/legend><ul id=\"wpforms-286-field_9\" class=\"wpforms-field-required\"><li class=\"choice-1 depth-1\"><input type=\"checkbox\" id=\"wpforms-286-field_9_1\" name=\"wpforms[fields][9][]\" value=\"T\u00fa y tus acudientes autorizan que te contactemos por los medios ingresados en el formulario\" aria-errormessage=\"wpforms-286-field_9_1-error\" required ><label class=\"wpforms-field-label-inline\" for=\"wpforms-286-field_9_1\">T\u00fa y tus acudientes autorizan que te contactemos por los medios ingresados en el formulario<\/label><\/li><\/ul><\/fieldset><\/div><script>\n\t\t\t\t( function() {\n\t\t\t\t\tconst style = document.createElement( 'style' );\n\t\t\t\t\tstyle.appendChild( document.createTextNode( '#wpforms-286-field_7-container { position: absolute !important; overflow: hidden !important; display: inline !important; height: 1px !important; width: 1px !important; z-index: -1000 !important; padding: 0 !important; } #wpforms-286-field_7-container input { visibility: hidden; } #wpforms-conversational-form-page #wpforms-286-field_7-container label { counter-increment: none; }' ) );\n\t\t\t\t\tdocument.head.appendChild( style );\n\t\t\t\t\tdocument.currentScript?.remove();\n\t\t\t\t} )();\n\t\t\t<\/script><\/div><!-- .wpforms-field-container --><div class=\"wpforms-recaptcha-container wpforms-is-recaptcha wpforms-is-recaptcha-type-v3\" ><input type=\"hidden\" name=\"wpforms[recaptcha]\" value=\"\"><\/div><div class=\"wpforms-submit-container\" ><input type=\"hidden\" name=\"wpforms[id]\" value=\"286\"><input type=\"hidden\" name=\"page_title\" value=\"\"><input type=\"hidden\" name=\"page_url\" value=\"https:\/\/ccutelevision.com\/ccu\/wp-json\/wp\/v2\/pages\/257\"><input type=\"hidden\" name=\"url_referer\" value=\"\"><button type=\"submit\" name=\"wpforms[submit]\" id=\"wpforms-submit-286\" class=\"wpforms-submit\" data-alt-text=\"Enviando...\" data-submit-text=\"Enviar\" aria-live=\"assertive\" value=\"wpforms-submit\">Enviar<\/button><img loading=\"lazy\" decoding=\"async\" src=\"https:\/\/ccutelevision.com\/ccu\/wp-content\/plugins\/wpforms-lite\/assets\/images\/submit-spin.svg\" class=\"wpforms-submit-spinner\" style=\"display: none;\" width=\"26\" height=\"26\" alt=\"Cargando\"><\/div><\/form><\/div>  <!-- .wpforms-container --><\/div><\/div>\n\n<\/div><\/div>","protected":false},"excerpt":{"rendered":"<p>Club de talentos Tienes algo especial. Lo sabes. Lo sientes. Y el mundo est\u00e1 esperando verlo. En CCU Televisi\u00f3n creemos en el poder del talento joven, por eso creamos hace&#8230;<\/p>\n","protected":false},"author":1,"featured_media":0,"parent":0,"menu_order":0,"comment_status":"closed","ping_status":"closed","template":"","meta":{"_price":"","_stock":"","_tribe_ticket_header":"","_tribe_default_ticket_provider":"","_ticket_start_date":"","_ticket_end_date":"","_tribe_ticket_show_description":"","_tribe_ticket_show_not_going":false,"_tribe_ticket_use_global_stock":"","_tribe_ticket_global_stock_level":"","_global_stock_mode":"","_global_stock_cap":"","_tribe_rsvp_for_event":"","_tribe_ticket_going_count":"","_tribe_ticket_not_going_count":"","_tribe_tickets_list":"[]","_tribe_ticket_has_attendee_info_fields":false,"_kadence_starter_templates_imported_post":false,"_kad_post_transparent":"","_kad_post_title":"hide","_kad_post_layout":"fullwidth","_kad_post_sidebar_id":"","_kad_post_content_style":"unboxed","_kad_post_vertical_padding":"hide","_kad_post_feature":"hide","_kad_post_feature_position":"","_kad_post_header":false,"_kad_post_footer":false,"_kad_post_classname":"","footnotes":"","_tec_slr_enabled":"","_tec_slr_layout":""},"class_list":["post-257","page","type-page","status-publish","hentry"],"ticketed":false,"_links":{"self":[{"href":"https:\/\/ccutelevision.com\/ccu\/wp-json\/wp\/v2\/pages\/257","targetHints":{"allow":["GET"]}}],"collection":[{"href":"https:\/\/ccutelevision.com\/ccu\/wp-json\/wp\/v2\/pages"}],"about":[{"href":"https:\/\/ccutelevision.com\/ccu\/wp-json\/wp\/v2\/types\/page"}],"author":[{"embeddable":true,"href":"https:\/\/ccutelevision.com\/ccu\/wp-json\/wp\/v2\/users\/1"}],"replies":[{"embeddable":true,"href":"https:\/\/ccutelevision.com\/ccu\/wp-json\/wp\/v2\/comments?post=257"}],"version-history":[{"count":16,"href":"https:\/\/ccutelevision.com\/ccu\/wp-json\/wp\/v2\/pages\/257\/revisions"}],"predecessor-version":[{"id":279,"href":"https:\/\/ccutelevision.com\/ccu\/wp-json\/wp\/v2\/pages\/257\/revisions\/279"}],"wp:attachment":[{"href":"https:\/\/ccutelevision.com\/ccu\/wp-json\/wp\/v2\/media?parent=257"}],"curies":[{"name":"wp","href":"https:\/\/api.w.org\/{rel}","templated":true}]}}